{"id":4190,"date":"2025-09-21T18:08:03","date_gmt":"2025-09-21T18:08:03","guid":{"rendered":"https:\/\/hkm-consulting.de\/?page_id=4190"},"modified":"2025-09-21T18:08:20","modified_gmt":"2025-09-21T18:08:20","slug":"privacy_policy_old","status":"publish","type":"page","link":"https:\/\/hkm-consulting.de\/en\/privacy_policy_old\/","title":{"rendered":"Privacy Policy OLD"},"content":{"rendered":"<div class=\"wpb-content-wrapper\"><p>[vc_row][vc_column][vc_column_text]<\/p>\n<h3>Datenschutzerkl\u00e4rung<\/h3>\n<p>Webseiten-Datenschutzerkl\u00e4rung und zugleich Information der Betroffenen gem\u00e4\u00df Artikel 13 und Artikel 14 EU-Datenschutzgrundverordnung<\/p>\n<p>&nbsp;<\/p>\n<h3><strong>Allgemeine Angaben<\/strong><\/h3>\n<p>Angabe zur verantwortlichen Stelle<\/p>\n<h4><strong>Unternehmen<\/strong><\/h4>\n<p>HKM Consulting GmbH<\/p>\n<h4>Gesetzlicher Vertreter<\/h4>\n<p>Klaus Martin Hecht<\/p>\n<h4>Firmenadresse<\/h4>\n<p>Nelkenstrasse 44<br \/>85521 Hohenbrunn \/ Metropolregion M\u00fcnchen<\/p>\n<h4>Kontakt Datenschutz<\/h4>\n<p><a href=\"mailto:datenschutz@hkm-consulting.de\">datenschutz@hkm-consulting.de<\/a><\/p>\n<p>&nbsp;<\/p>\n<h3>Allgemeine Datenverarbeitungs-Informationen<\/h3>\n<h4>Betroffene Daten<\/h4>\n<p>Personenbezogene Daten werden nur erhoben, wenn Sie uns diese von sich aus mitteilen. Dar\u00fcber hinaus werden keine personenbezogenen Daten erhoben. Eine \u00fcber die Reichweite der gesetzlichen Erlaubnistatbest\u00e4nde hinausgehende Verarbeitung Ihrer personenbezogenen Daten erfolgt nur auf Grundlage Ihrer ausdr\u00fccklichen Einwilligung.<\/p>\n<h4>Verwendungszweck<\/h4>\n<p>Vertragsdurchf\u00fchrung<\/p>\n<h4>Kategorien von Empf\u00e4ngern<\/h4>\n<ul>\n<li>\u00d6ffentliche Stellen bei Vorliegen vorrangiger Rechtsvorschriften.<\/li>\n<li>Externe Dienstleister oder sonstige Auftragnehmer.<\/li>\n<li>Weitere externe Stellen soweit der Betroffene seine Einwilligung erteilt hat oder eine \u00dcbermittlung aus \u00fcberwiegendem Interesse zul\u00e4ssig ist.<\/li>\n<\/ul>\n<h4>Drittlandtransfers<\/h4>\n<p>Im Rahmen der Vertragsdurchf\u00fchrung k\u00f6nnen auch Auftragsverarbeiter au\u00dferhalb der Europ\u00e4ischen Union zum Einsatz kommen, u.a. eMail-Provider.<\/p>\n<h4>Dauer Datenspeicherung<\/h4>\n<p>Die Dauer der Datenspeicherung richtet sich nach den gesetzlichen Aufbewahrungspflichten und betr\u00e4gt in der Regel 10 Jahre.<\/p>\n<p>&nbsp;<\/p>\n<h3>Spezifische Angaben zur Webseite<\/h3>\n<h4>Nutzungsdaten<\/h4>\n<p>Wenn Sie unsere Webseiten aufrufen, \u00fcbermitteln Sie (aus technischer Notwendigkeit) \u00fcber Ihren Internetbrowser Daten an unseren Webserver. Folgende Daten werden w\u00e4hrend einer laufenden Verbindung zur Kommunikation zwischen Ihrem Internetbrowser und unserem Webserver aufgezeichnet:<\/p>\n<ul>\n<li>Datum und Uhrzeit der Anforderung<\/li>\n<li>Name der angeforderten Datei<\/li>\n<li>Seite, von der aus die Datei angefordert wurde<\/li>\n<li>Zugriffsstatus (Datei \u00fcbertragen, Datei nicht gefunden, etc.)<\/li>\n<li>verwendeter Webbrowser und verwendetes Betriebssystem<\/li>\n<li>vollst\u00e4ndige IP-Adresse des anfordernden Rechners<\/li>\n<li>\u00fcbertragene Datenmenge<\/li>\n<\/ul>\n<p>Aus Gr\u00fcnden der technischen Sicherheit, insbesondere zur Abwehr von Angriffsversuchen auf unseren Webserver, werden diese Daten von uns kurzzeitig gespeichert. Ein R\u00fcckschluss auf einzelne Personen ist uns anhand dieser Daten nicht m\u00f6glich. Die Daten werden sp\u00e4ter durch Verk\u00fcrzung der IP-Adresse auf Domain-Ebene anonymisiert, so dass es nicht mehr m\u00f6glich ist, einen Bezug zum einzelnen Nutzer herzustellen. In anonymisierter Form werden die Daten daneben zu statistischen Zwecken verarbeitet; ein Abgleich mit anderen Datenbest\u00e4nden oder eine Weitergabe an Dritte, auch in Ausz\u00fcgen, findet nicht statt.<\/p>\n<h4>Einsatz eigener &#8220;Cookies&#8221;<\/h4>\n<p>Diese Webseite verwendet eigene \u201eCookies\u201c, um die Benutzerfreundlichkeit zu erh\u00f6hen (\u201eCookies\u201c sind Datens\u00e4tze, die vom Webserver an den Browser des Nutzers gesandt und dort f\u00fcr einen sp\u00e4teren Abruf gespeichert werden). In unseren eigenen \u201eCookies\u201c werden keinerlei personenbezogene Daten gespeichert. Sie k\u00f6nnen die Verwendung von \u201eCookies\u201c generell verhindern, wenn Sie in Ihrem Browser die Speicherung von \u201eCookies\u201c untersagen.<\/p>\n<p>&nbsp;<\/p>\n<h3>Angaben zu weiteren Datenverarbeitungsverfahren<\/h3>\n<h3><b>Spezifische Angaben zum Bewerbungsverfahren<\/b><\/h3>\n<h4>Betroffene Daten<\/h4>\n<p>Bewerbungsangaben<\/p>\n<h4>Verwendungszweck<\/h4>\n<p>Durchf\u00fchrung Bewerbungsverfahren<\/p>\n<h4>Kategorien von Empf\u00e4ngern<\/h4>\n<ul>\n<li>\u00d6ffentliche Stellen bei Vorliegen vorrangiger Rechtsvorschriften.<\/li>\n<li>Externe Dienstleister oder sonstige Auftragnehmer, u.a. zur Datenverarbeitung und Hosting.<\/li>\n<li>Weitere externe Stellen soweit der Betroffene seine Einwilligung erteilt hat oder eine \u00dcbermittlung aus \u00fcberwiegendem Interesse zul\u00e4ssig ist.<\/li>\n<\/ul>\n<h4>Drittlandtransfers<\/h4>\n<p>Im Rahmen der Vertragsdurchf\u00fchrung k\u00f6nnen auch Auftragsverarbeiter au\u00dferhalb der Europ\u00e4ischen Union zum Einsatz kommen, u.a. eMail-Provider.<\/p>\n<h4>Dauer Datenspeicherung<\/h4>\n<p>Bewerbungsdaten werden nach Mitteilung der Entscheidung in der Regel binnen vier Monaten gel\u00f6scht, soweit nicht eine Einwilligung in eine l\u00e4ngere Datenspeicherung im Rahme der Aufnahme in den Bewerberpool vorliegt.<\/p>\n<p>&nbsp;<\/p>\n<h3><b>Spezifische Angaben zur Verarbeitung von Kundendaten\/Interessentendaten<\/b><\/h3>\n<h4>Betroffene Daten<\/h4>\n<p>Zur Vertragsdurchf\u00fchrung mitgeteilte Daten; ggfs. dar\u00fcber hinaus gehende Daten zur Verarbeitung auf Basis Ihrer ausdr\u00fccklichen Einwilligung.<\/p>\n<h4>Verwendungszweck<\/h4>\n<p>Vertragsdurchf\u00fchrung, u.a. Angebote, Auftr\u00e4ge, Verkauf und Rechnungsstellung, Qualit\u00e4tssicherung<\/p>\n<h4>Kategorien von Empf\u00e4ngern<\/h4>\n<ul>\n<li>\u00d6ffentliche Stellen bei Vorliegen vorrangiger Rechtsvorschriften.<\/li>\n<li>Externe Dienstleister oder sonstige Auftragnehmer, u.a. zur Datenverarbeitung und Hosting, f\u00fcr Versand, Transport und Logistik, Dienstleister zum Druck und Versand von Informationen und Call Center.<\/li>\n<li>Weitere externe Stellen soweit der Betroffene seine Einwilligung erteilt hat oder eine \u00dcbermittlung aus \u00fcberwiegendem Interesse zul\u00e4ssig ist.<\/li>\n<\/ul>\n<h4>Drittlandtransfers<\/h4>\n<p>Im Rahmen der Vertragsdurchf\u00fchrung k\u00f6nnen auch Auftragsverarbeiter au\u00dferhalb der Europ\u00e4ischen Union zum Einsatz kommen, u.a. eMail-Provider.<\/p>\n<h4>Dauer Datenspeicherung<\/h4>\n<p>Die Dauer der Datenspeicherung richtet sich nach den gesetzlichen Aufbewahrungspflichten und betr\u00e4gt in der Regel 10 Jahre.<\/p>\n<p>&nbsp;<\/p>\n<h3><b>Spezifische Angaben zur Verarbeitung von Besch\u00e4ftigtendaten<\/b><\/h3>\n<h4>Betroffene Daten<\/h4>\n<p>Zur Vertragsdurchf\u00fchrung mitgeteilte Daten; ggfs. dar\u00fcber hinaus gehende Daten zur Verarbeitung auf Basis Ihrer ausdr\u00fccklichen Einwilligung.<\/p>\n<h4>Verwendungszweck<\/h4>\n<p>Vertragsdurchf\u00fchrung im Rahmen des Besch\u00e4ftigungsverh\u00e4ltnisses<\/p>\n<h4>Kategorien von Empf\u00e4ngern<\/h4>\n<ul>\n<li>\u00d6ffentliche Stellen bei Vorliegen vorrangiger Rechtsvorschriften, u.a. Finanzamt, Sozialversicherungstr\u00e4ger.<\/li>\n<li>Externe Dienstleister oder sonstige Auftragnehmer, u.a. zur Datenverarbeitung und Hosting, zur Entgeltabrechnung, zur Reisekostenabrechnung, zu Versicherungsleistungen.<\/li>\n<li>Weitere externe Stellen soweit der Betroffene seine Einwilligung erteilt hat oder eine \u00dcbermittlung aus \u00fcberwiegendem Interesse zul\u00e4ssig ist.<\/li>\n<\/ul>\n<h4>Drittlandtransfers<\/h4>\n<p>Im Rahmen der Vertragsdurchf\u00fchrung k\u00f6nnen auch Auftragsverarbeiter au\u00dferhalb der Europ\u00e4ischen Union zum Einsatz kommen, u.a. eMail-Provider.<\/p>\n<h4>Dauer Datenspeicherung<\/h4>\n<p>Die Dauer der Datenspeicherung richtet sich nach den gesetzlichen Aufbewahrungspflichten und betr\u00e4gt in der Regel 10 Jahre.<\/p>\n<p>&nbsp;<\/p>\n<h3><b>Spezifische Angaben zur Verarbeitung von Lieferantendaten<\/b><\/h3>\n<h4>Betroffene Daten<\/h4>\n<p>Zur Vertragsdurchf\u00fchrung mitgeteilte Daten; ggfs. dar\u00fcber hinaus gehende Daten zur Verarbeitung auf Basis Ihrer ausdr\u00fccklichen Einwilligung.<\/p>\n<h4>Verwendungszweck<\/h4>\n<p>Vertragsdurchf\u00fchrung, u.a. Anfragen, Einkauf, Qualit\u00e4tssicherung<\/p>\n<h4>Kategorien von Empf\u00e4ngern<\/h4>\n<ul>\n<li>\u00d6ffentliche Stellen bei Vorliegen vorrangiger Rechtsvorschriften.<\/li>\n<li>Externe Dienstleister oder sonstige Auftragnehmer, u.a. zur Datenverarbeitung und Hosting, Buchhaltung, Zahlungsabwicklung.<\/li>\n<li>Weitere externe Stellen soweit der Betroffene seine Einwilligung erteilt hat oder eine \u00dcbermittlung aus \u00fcberwiegendem Interesse zul\u00e4ssig ist.<\/li>\n<\/ul>\n<h4>Drittlandtransfers<\/h4>\n<p>Im Rahmen der Vertragsdurchf\u00fchrung k\u00f6nnen auch Auftragsverarbeiter au\u00dferhalb der Europ\u00e4ischen Union zum Einsatz kommen, u.a. eMail-Provider.<\/p>\n<h4>Dauer Datenspeicherung<\/h4>\n<p>Die Dauer der Datenspeicherung richtet sich nach den gesetzlichen Aufbewahrungspflichten und betr\u00e4gt in der Regel 10 Jahre.<\/p>\n<p>&nbsp;<\/p>\n<h3><b>Spezifische Angaben zur Nutzung von Video-Konferenz-\/Webinar-Software<\/b><\/h3>\n<h4>Betroffene Daten<\/h4>\n<p>Zur Nutzung der Video-Konferenz-Software bzw. der Webinar-Software mitgeteilte Daten (insb. Vorname, Nachname, eMail-Adresse; optional: Ton-\u00dcbertragung; optional: Bild-\u00dcbertragung; optional: Fragen bei Nutzung von Chat-Funktionen); im technisch erforderlichen Umfang Verarbeitung von Daten ihres Systems zur Herstellung der Verbindung mit dem Anbieter der Konferenz-Software.<\/p>\n<h4>Verwendungszweck<\/h4>\n<p>Durchf\u00fchrung von Video-Konferenzen bzw. Webinaren<\/p>\n<h4>Kategorien von Empf\u00e4ngern<\/h4>\n<ul>\n<li>\u00d6ffentliche Stellen bei Vorliegen vorrangiger Rechtsvorschriften.<\/li>\n<li>Externe Dienstleister oder sonstige Auftragnehmer, u.a. zur Datenverarbeitung und Hosting.<\/li>\n<li>Weitere externe Stellen soweit der Betroffene seine Einwilligung erteilt hat oder eine \u00dcbermittlung aus \u00fcberwiegendem Interesse zul\u00e4ssig ist.<\/li>\n<\/ul>\n<h4>Drittlandtransfers<\/h4>\n<p>Es werden Auftragsverarbeiter au\u00dferhalb der Europ\u00e4ischen Union eingesetzt (hier: Vereinigte Staaten von Amerika); es wurden entsprechend Standardvertragsklauseln mit dem Dienstleister abgeschlossen.<\/p>\n<h4>Dauer Datenspeicherung<\/h4>\n<p>Eine Aufnahme von Video-Konferenzen findet nur mit vorher dokumentierter Zustimmung der Teilnehmer statt. Die technischen Daten werden gel\u00f6scht, sofern sie nicht mehr erforderlich sind. Die Dauer der Datenspeicherung richtet sich im \u00dcbrigen nach den gesetzlichen Aufbewahrungspflichten und betr\u00e4gt in der Regel 10 Jahre.<\/p>\n<p>&nbsp;<\/p>\n<h3><b>Weitere Informationen und Kontakte<\/b><\/h3>\n<p>Dar\u00fcber hinaus k\u00f6nnen Sie jederzeit ihre Anspr\u00fcche auf Auskunft, Berichtigung oder L\u00f6schung oder auf Einschr\u00e4nkung der Verarbeitung oder der Wahrnehmung Ihres Widerspruchsrechts gegen die Verarbeitung sowie das Recht auf Daten\u00fcbertragbarkeit geltend machen. Hier finden Sie die M\u00f6glichkeit, uns per eMail oder Brief zu kontaktieren. Sie haben ferner das Recht, sich bei Beschwerden an die Datenschutz-Aufsichtsbeh\u00f6rde zu wenden.[\/vc_column_text][\/vc_column][\/vc_row][vc_row][vc_column][vc_separator][\/vc_column][\/vc_row][vc_row][vc_column][vc_column_text]<\/p>\n<p>\n<br\/><script id=\"CookieDeclaration\" src=\"https:\/\/consent.cookiebot.com\/3190d443-6db5-4ec4-9d36-c121d89aa2e8\/cd.js\" type=\"text\/javascript\" async=\"\"><\/script><br\/><p>[\/vc_column_text][\/vc_column][\/vc_row]<\/p>\n<\/div>","protected":false},"excerpt":{"rendered":"<p>[vc_row][vc_column][vc_column_text] Datenschutzerkl\u00e4rung Webseiten-Datenschutzerkl\u00e4rung und zugleich Information der Betroffenen gem\u00e4\u00df Artikel 13 und Artikel 14 EU-Datenschutzgrundverordnung &nbsp; Allgemeine Angaben Angabe zur verantwortlichen Stelle Unternehmen HKM Consulting GmbH Gesetzlicher Vertreter Klaus Martin Hecht Firmenadresse Nelkenstrasse 4485521 Hohenbrunn \/ Metropolregion M\u00fcnchen Kontakt Datenschutz datenschutz@hkm-consulting.de &nbsp; Allgemeine Datenverarbeitungs-Informationen Betroffene Daten Personenbezogene Daten werden nur erhoben, wenn Sie uns diese&hellip;<\/p>\n","protected":false},"author":1,"featured_media":0,"parent":0,"menu_order":0,"comment_status":"closed","ping_status":"closed","template":"","meta":{"footnotes":""},"class_list":["post-4190","page","type-page","status-publish","hentry","description-off"],"_links":{"self":[{"href":"https:\/\/hkm-consulting.de\/en\/wp-json\/wp\/v2\/pages\/4190","targetHints":{"allow":["GET"]}}],"collection":[{"href":"https:\/\/hkm-consulting.de\/en\/wp-json\/wp\/v2\/pages"}],"about":[{"href":"https:\/\/hkm-consulting.de\/en\/wp-json\/wp\/v2\/types\/page"}],"author":[{"embeddable":true,"href":"https:\/\/hkm-consulting.de\/en\/wp-json\/wp\/v2\/users\/1"}],"replies":[{"embeddable":true,"href":"https:\/\/hkm-consulting.de\/en\/wp-json\/wp\/v2\/comments?post=4190"}],"version-history":[{"count":2,"href":"https:\/\/hkm-consulting.de\/en\/wp-json\/wp\/v2\/pages\/4190\/revisions"}],"predecessor-version":[{"id":4197,"href":"https:\/\/hkm-consulting.de\/en\/wp-json\/wp\/v2\/pages\/4190\/revisions\/4197"}],"wp:attachment":[{"href":"https:\/\/hkm-consulting.de\/en\/wp-json\/wp\/v2\/media?parent=4190"}],"curies":[{"name":"wp","href":"https:\/\/api.w.org\/{rel}","templated":true}]}}